{"id":691,"date":"2020-10-05T16:34:06","date_gmt":"2020-10-05T09:34:06","guid":{"rendered":"https:\/\/halosmart.edu.vn\/chuong-trinh-tre-em\/?page_id=691"},"modified":"2020-10-05T16:41:22","modified_gmt":"2020-10-05T09:41:22","slug":"dang-ky-kiem-tra-trinh-do-mien-phi","status":"publish","type":"page","link":"https:\/\/halosmart.edu.vn\/chuong-trinh-tre-em\/dang-ky-kiem-tra-trinh-do-mien-phi\/","title":{"rendered":"\u0110\u0103ng k\u00fd ki\u1ec3m tra tr\u00ecnh \u0111\u1ed9 mi\u1ec5n ph\u00ed"},"content":{"rendered":"\n\t<section class=\"section\" id=\"section_1331521558\">\n\t\t<div class=\"bg section-bg fill bg-fill  \" >\n\n\t\t\t\n\t\t\t<div class=\"section-bg-overlay absolute fill\"><\/div>\n\t\t\t\n\n\t\t<\/div><!-- .section-bg -->\n\n\t\t<div class=\"section-content relative\">\n\t\t\t\n\n<div class=\"gap-element clearfix\" style=\"display:block; height:auto; padding-top:8px\"><\/div>\n\n<div class=\"row row-collapse align-center\"  id=\"row-126983481\">\n\n<div class=\"col medium-6 small-11 large-6\"  ><div class=\"col-inner text-center\"  >\n\n\n  <div class=\"banner has-hover\" id=\"banner-1112610907\">\n          <div class=\"banner-inner fill\">\n        <div class=\"banner-bg fill\" >\n            <div class=\"bg fill bg-fill \"><\/div>\n                                    \n                    <\/div><!-- bg-layers -->\n        <div class=\"banner-layers container\">\n            <div class=\"fill banner-link\"><\/div>            \n\n   <div id=\"text-box-2093899859\" class=\"text-box banner-layer x50 md-x50 lg-x50 y50 md-y50 lg-y50 res-text\">\n                                <div class=\"text \">\n              \n              <div class=\"text-inner text-center\">\n                  \n\n<h1 style=\"text-align: left;\"><span style=\"font-size: 80%;\">\u0110\u0103ng k\u00fd ki\u1ec3m tra tr\u00ecnh \u0111\u1ed9 mi\u1ec5n ph\u00ed<\/span><\/h1>\n<p>&nbsp;<\/p>\n<div role=\"form\" class=\"wpcf7\" id=\"wpcf7-f177-o1\" lang=\"en-US\" dir=\"ltr\">\n<div class=\"screen-reader-response\" role=\"alert\" aria-live=\"polite\"><\/div>\n<form action=\"\/chuong-trinh-tre-em\/wp-json\/wp\/v2\/pages\/691#wpcf7-f177-o1\" method=\"post\" class=\"wpcf7-form init\" novalidate=\"novalidate\">\n<div style=\"display: none;\">\n<input type=\"hidden\" name=\"_wpcf7\" value=\"177\" \/>\n<input type=\"hidden\" name=\"_wpcf7_version\" value=\"5.2.2\" \/>\n<input type=\"hidden\" name=\"_wpcf7_locale\" value=\"en_US\" \/>\n<input type=\"hidden\" name=\"_wpcf7_unit_tag\" value=\"wpcf7-f177-o1\" \/>\n<input type=\"hidden\" name=\"_wpcf7_container_post\" value=\"0\" \/>\n<input type=\"hidden\" name=\"_wpcf7_posted_data_hash\" value=\"\" \/>\n<\/div>\n<div class=\"form-flat\">\n<span class=\"wpcf7-form-control-wrap your-name\"><input type=\"text\" name=\"your-name\" value=\"\" size=\"40\" class=\"wpcf7-form-control wpcf7-text wpcf7-validates-as-required\" aria-required=\"true\" aria-invalid=\"false\" placeholder=\"T\u00ean h\u1ecdc vi\u00ean (b\u1eaft bu\u1ed9c)\" \/><\/span><\/p>\n<p><span class=\"wpcf7-form-control-wrap your-dob\"><input type=\"text\" name=\"your-dob\" value=\"\" size=\"40\" class=\"wpcf7-form-control wpcf7-text wpcf7-validates-as-required\" aria-required=\"true\" aria-invalid=\"false\" placeholder=\"N\u0103m sinh c\u1ee7a h\u1ecdc vi\u00ean (b\u1eaft bu\u1ed9c)\" \/><\/span> <\/p>\n<p><span class=\"wpcf7-form-control-wrap your-tel\"><input type=\"tel\" name=\"your-tel\" value=\"\" size=\"40\" class=\"wpcf7-form-control wpcf7-text wpcf7-tel wpcf7-validates-as-required wpcf7-validates-as-tel\" aria-required=\"true\" aria-invalid=\"false\" placeholder=\"S\u1ed1 \u0111i\u1ec7n tho\u1ea1i (b\u1eaft bu\u1ed9c)\" \/><\/span> <\/p>\n<p><span class=\"wpcf7-form-control-wrap your-email\"><input type=\"email\" name=\"your-email\" value=\"\" size=\"40\" class=\"wpcf7-form-control wpcf7-text wpcf7-email wpcf7-validates-as-email\" aria-invalid=\"false\" placeholder=\"\u0110\u1ecba ch\u1ec9 Email\" \/><\/span> <\/p>\n<p><span class=\"wpcf7-form-control-wrap menu-diadiem\"><select name=\"menu-diadiem\" class=\"wpcf7-form-control wpcf7-select wpcf7-validates-as-required\" aria-required=\"true\" aria-invalid=\"false\"><option value=\"L\u1ef1a ch\u1ecdn c\u01a1 s\u1edf\">L\u1ef1a ch\u1ecdn c\u01a1 s\u1edf<\/option><option value=\"Halo Smart B\u00e3i Ch\u00e1y\">Halo Smart B\u00e3i Ch\u00e1y<\/option><option value=\"Halo Smart H\u1ed3ng H\u1ea3i\">Halo Smart H\u1ed3ng H\u1ea3i<\/option><\/select><\/span> <\/p>\n<p><input type=\"submit\" value=\"\u0110\u0103ng k\u00fd\" class=\"wpcf7-form-control wpcf7-submit button\" \/>\n<\/p><\/div>\n<div class=\"wpcf7-response-output\" role=\"alert\" aria-hidden=\"true\"><\/div><\/form><\/div>\n\n\n              <\/div>\n           <\/div><!-- text-box-inner -->\n                            \n<style scope=\"scope\">\n\n#text-box-2093899859 {\n  width: 55%;\n}\n#text-box-2093899859 .text {\n  font-size: 100%;\n}\n<\/style>\n    <\/div><!-- text-box -->\n \n\n        <\/div><!-- .banner-layers -->\n      <\/div><!-- .banner-inner -->\n\n            \n<style scope=\"scope\">\n\n#banner-1112610907 {\n  padding-top: 500px;\n  background-color: rgb(255,255,255);\n}\n<\/style>\n  <\/div><!-- .banner -->\n\n\n\n<\/div><\/div>\n<div class=\"col medium-6 small-11 large-6\"  ><div class=\"col-inner\"  >\n\n\n  <div class=\"banner has-hover\" id=\"banner-598324884\">\n          <div class=\"banner-inner fill\">\n        <div class=\"banner-bg fill\" >\n            <div class=\"bg fill bg-fill \"><\/div>\n                                    \n                    <\/div><!-- bg-layers -->\n        <div class=\"banner-layers container\">\n            <div class=\"fill banner-link\"><\/div>            \n\n\n        <\/div><!-- .banner-layers -->\n      <\/div><!-- .banner-inner -->\n\n            \n<style scope=\"scope\">\n\n#banner-598324884 {\n  padding-top: 500px;\n  background-color: rgb(228, 228, 228);\n}\n#banner-598324884 .bg.bg-loaded {\n  background-image: url(https:\/\/halosmart.edu.vn\/chuong-trinh-tre-em\/wp-content\/uploads\/2020\/09\/ngoai-khoa.jpg);\n}\n<\/style>\n  <\/div><!-- .banner -->\n\n\n\n<\/div><\/div>\n\n\n<style scope=\"scope\">\n\n<\/style>\n<\/div>\n\n\t\t<\/div><!-- .section-content -->\n\n\t\t\n<style scope=\"scope\">\n\n#section_1331521558 {\n  padding-top: 68px;\n  padding-bottom: 68px;\n}\n#section_1331521558 .section-bg-overlay {\n  background-color: rgba(0, 0, 0, 0.7);\n}\n#section_1331521558 .section-bg.bg-loaded {\n  background-image: url(https:\/\/halosmart.edu.vn\/chuong-trinh-tre-em\/wp-content\/uploads\/2020\/09\/Swiss-education-group.jpg);\n}\n#section_1331521558 .section-bg {\n  background-position: 66% 46%;\n}\n<\/style>\n\t<\/section>\n\t\n\n","protected":false},"excerpt":{"rendered":"","protected":false},"author":1,"featured_media":0,"parent":0,"menu_order":0,"comment_status":"closed","ping_status":"closed","template":"page-blank.php","meta":[],"yst_prominent_words":[],"_links":{"self":[{"href":"https:\/\/halosmart.edu.vn\/chuong-trinh-tre-em\/wp-json\/wp\/v2\/pages\/691"}],"collection":[{"href":"https:\/\/halosmart.edu.vn\/chuong-trinh-tre-em\/wp-json\/wp\/v2\/pages"}],"about":[{"href":"https:\/\/halosmart.edu.vn\/chuong-trinh-tre-em\/wp-json\/wp\/v2\/types\/page"}],"author":[{"embeddable":true,"href":"https:\/\/halosmart.edu.vn\/chuong-trinh-tre-em\/wp-json\/wp\/v2\/users\/1"}],"replies":[{"embeddable":true,"href":"https:\/\/halosmart.edu.vn\/chuong-trinh-tre-em\/wp-json\/wp\/v2\/comments?post=691"}],"version-history":[{"count":5,"href":"https:\/\/halosmart.edu.vn\/chuong-trinh-tre-em\/wp-json\/wp\/v2\/pages\/691\/revisions"}],"predecessor-version":[{"id":698,"href":"https:\/\/halosmart.edu.vn\/chuong-trinh-tre-em\/wp-json\/wp\/v2\/pages\/691\/revisions\/698"}],"wp:attachment":[{"href":"https:\/\/halosmart.edu.vn\/chuong-trinh-tre-em\/wp-json\/wp\/v2\/media?parent=691"}],"wp:term":[{"taxonomy":"yst_prominent_words","embeddable":true,"href":"https:\/\/halosmart.edu.vn\/chuong-trinh-tre-em\/wp-json\/wp\/v2\/yst_prominent_words?post=691"}],"curies":[{"name":"wp","href":"https:\/\/api.w.org\/{rel}","templated":true}]}}